{"id":834,"date":"2019-03-03T12:18:34","date_gmt":"2019-03-03T11:18:34","guid":{"rendered":"http:\/\/danielaspinar.cz\/?page_id=834"},"modified":"2019-03-03T12:21:25","modified_gmt":"2019-03-03T11:21:25","slug":"acknowledgement","status":"publish","type":"page","link":"https:\/\/danielaspinar.cz\/en\/acknowledgement\/","title":{"rendered":"Acknowledgement"},"content":{"rendered":"\n<p>\u0160tefan Margita, Gidon Saks, Ji\u0159\u00ed Br\u00fcckler, Pavel \u0160vingr, Adrian Clarke, Jan Petryka, Roman Astakhov, V\u00e1clav Sibera, Lubo\u0161 Skala, Michal Bragagnolo, Daniel Kl\u00e1nsk\u00fd, V\u00e1clav Cik\u00e1nek, Stefan Astakhov<\/p>\n","protected":false},"excerpt":{"rendered":"<p>\u0160tefan Margita, Gidon Saks, Ji\u0159\u00ed Br\u00fcckler, Pavel \u0160vingr, Adrian Clarke, Jan Petryka, Roman Astakhov, V\u00e1clav Sibera, Lubo\u0161 Skala, Michal Bragagnolo, Daniel Kl\u00e1nsk\u00fd, V\u00e1clav Cik\u00e1nek, Stefan Astakhov<\/p>\n","protected":false},"author":1,"featured_media":0,"parent":0,"menu_order":0,"comment_status":"closed","ping_status":"closed","template":"page.php","meta":[],"_links":{"self":[{"href":"https:\/\/danielaspinar.cz\/en\/wp-json\/wp\/v2\/pages\/834\/"}],"collection":[{"href":"https:\/\/danielaspinar.cz\/en\/wp-json\/wp\/v2\/pages\/"}],"about":[{"href":"https:\/\/danielaspinar.cz\/en\/wp-json\/wp\/v2\/types\/page\/"}],"author":[{"embeddable":true,"href":"https:\/\/danielaspinar.cz\/en\/wp-json\/wp\/v2\/users\/1\/"}],"replies":[{"embeddable":true,"href":"https:\/\/danielaspinar.cz\/en\/wp-json\/wp\/v2\/comments\/?post=834"}],"version-history":[{"count":2,"href":"https:\/\/danielaspinar.cz\/en\/wp-json\/wp\/v2\/pages\/834\/revisions\/"}],"predecessor-version":[{"id":841,"href":"https:\/\/danielaspinar.cz\/en\/wp-json\/wp\/v2\/pages\/834\/revisions\/841\/"}],"wp:attachment":[{"href":"https:\/\/danielaspinar.cz\/en\/wp-json\/wp\/v2\/media\/?parent=834"}],"curies":[{"name":"wp","href":"https:\/\/api.w.org\/{rel}","templated":true}]}}